{"id":60,"date":"2020-05-19T16:09:46","date_gmt":"2020-05-19T16:09:46","guid":{"rendered":"http:\/\/resolute.lt\/?page_id=60"},"modified":"2026-02-10T16:57:22","modified_gmt":"2026-02-10T16:57:22","slug":"pirkimo-pardavimo-taisykles","status":"publish","type":"page","link":"https:\/\/resolute.lt\/index.php\/pirkimo-pardavimo-taisykles\/","title":{"rendered":"Taisykl\u0117s"},"content":{"rendered":"\n<h2 class=\"wp-block-heading\"><strong>PIRKIMO-PARDAVIMO TAISYKL\u0116S<\/strong><\/h2>\n\n\n\n<p>Persp\u0117jame, jog d\u0117l Spring Festival atostog\u0173 (vasario m\u0117n. 10-25 d.) u\u017e Ulefone telefon\u0173 siuntim\u0105 i\u0161 EU sand\u0117lio atsakingi partneriai dirbs ribotai, tod\u0117l Ulefone telefon\u0173 siunt\u0173 pristatymas gali u\u017etrukti ilgiau nei \u012fprastos 4-6 darbo dienos.<\/p>\n\n\n\n<p class=\"has-medium-font-size\"><strong>APMOK\u0116JIMO B\u016aDAI:<\/strong><\/p>\n\n\n\n<ul class=\"wp-block-list\">\n<li class=\"has-small-font-size\"><strong>Internetinis apmok\u0117jimas banko kortele <\/strong>(u\u017esakym\u0105 formuojant internetu).<\/li>\n\n\n\n<li class=\"has-small-font-size\"><strong>Revolut<\/strong> (u\u017esakym\u0105 formuojant internetu)<\/li>\n\n\n\n<li class=\"has-small-font-size\"><strong>Bankinis apmok\u0117jimas \/ Perlas terminaluose \/ I\u0161simok\u0117tinai<\/strong> (u\u017esakym\u0105 formuojant internetu).<\/li>\n\n\n\n<li class=\"has-small-font-size\"><strong>Google Pay<\/strong> (u\u017esakym\u0105 formuojant internetu).<\/li>\n\n\n\n<li class=\"has-small-font-size\"><strong>PayPal<\/strong> (u\u017esakym\u0105 formuojant internetu).<\/li>\n\n\n\n<li class=\"has-small-font-size\"><strong>Grynais pinigais<\/strong>&nbsp;(atsiimant gyvai Vilniuje&nbsp;&#8211;&nbsp;kreiptis&nbsp;+37062296802).<\/li>\n\n\n\n<li class=\"has-small-font-size\"><strong>Bankiniu pavedimu \u012fmon\u0117ms su s\u0105skaita fakt\u016bra apmok\u0117jimui<\/strong> (kreiptis resolute.lietuva@gmail.com).<\/li>\n<\/ul>\n\n\n\n<p><\/p>\n\n\n\n<p class=\"has-medium-font-size\"><strong>PRISTATYMO S\u0104LYGOS&nbsp;<\/strong><a href=\"http:\/\/resolute.lt\/index.php\/produkto-kategorija\/2-d-d-pristatymo-prekes\/\" target=\"_blank\" rel=\"noreferrer noopener\">&#8222;<strong>2 D.D. PRISTATYMO PREK\u0116S\u201c<\/strong><\/a><strong> KATEGORIJOS PREK\u0116MS:<\/strong><\/p>\n\n\n\n<p class=\"has-small-font-size\">PREKI\u0172 PRISTATYMO S\u0104LYGOS LIETUVOJE:<\/p>\n\n\n\n<ul class=\"wp-block-list\">\n<li class=\"has-small-font-size\">U\u017esakymo pristatymo mokestis: 1,99 \u20ac &#8211; 4,99 \u20ac.<\/li>\n\n\n\n<li class=\"has-small-font-size\">Siuntos paruo\u0161iamos per 1 darbo dien\u0105 ir pristatomos per 2 darbo dienas.<\/li>\n\n\n\n<li class=\"has-small-font-size\">Siuntos pristatomos per DPD arba Itella Smarpost kurjeri\u0173 tarnybas.<\/li>\n\n\n\n<li class=\"has-small-font-size\">Siuntos yra registruotos, tai rei\u0161kia, jog gausite siuntos sekimo numer\u012f (el. pa\u0161tu), pagal kur\u012f gal\u0117site sekti siuntos pristatymo eig\u0105.&nbsp;<\/li>\n\n\n\n<li class=\"has-small-font-size\">Galimyb\u0117 atsiimti gyvai Vilniuje (kreiptis +37062296802 arba resolute.lietuva@gmail.com).<\/li>\n<\/ul>\n\n\n\n<p class=\"has-small-font-size\">PREKI\u0172 PRISTATYMO S\u0104LYGOS U\u017dSIENYJE:<\/p>\n\n\n\n<ul class=\"wp-block-list\">\n<li class=\"has-small-font-size\">U\u017esakymo pristatymo mokestis: iki 9,99 \u20ac.<\/li>\n\n\n\n<li class=\"has-small-font-size\">Siuntos paruo\u0161iamos per 1 darbo dien\u0105 ir pristatomos pagal siunt\u0173 tarnyb\u0173 numatyt\u0105 pristatymo laik\u0105 (3-7 d.d.).<\/li>\n\n\n\n<li class=\"has-small-font-size\">Siuntos pristatomos per DPD arba Itella Smarpost kurjeri\u0173 tarnybas.<\/li>\n\n\n\n<li class=\"has-small-font-size\">Siuntos yra registruotos, tai rei\u0161kia, jog gausite siuntos sekimo numer\u012f (el. pa\u0161tu), pagal kur\u012f gal\u0117site sekti siuntos pristatymo eig\u0105.<\/li>\n\n\n\n<li class=\"has-small-font-size\">Pristatymo \u0161ali\u0173 s\u0105ra\u0161as: Austrija, Belgija, Bulgarija, Kroatija, Kipro Respublika, \u010cekija, Danija, Estija, Suomija, Pranc\u016bzija, Vokietija, Graikija, Vengrija, Airija, Italija, Latvija, Liuksemburgas, Malta, Nyderlandai, Lenkija, Portugalija, Rumunija, Slovakija, Slov\u0117nija, Ispanija ir \u0160vedija.<\/li>\n\n\n\n<li class=\"has-small-font-size\">U\u017esakant prekes \u012f Jungtin\u0119 Karalyst\u0119 ir Norvegij\u0105 gali b\u016bti taikomi siuntos importo mokes\u010diai, u\u017e kuriuos atsako pirk\u0117jas.<\/li>\n<\/ul>\n\n\n\n<p class=\"has-medium-font-size\"><strong>PRISTATYMO S\u0104LYGOS PREK\u0116MS SU PRISTATYMO LAIKO PAMIN\u0116JIMU <strong>APRA\u0160YMO VIR\u0160UJE<\/strong><\/strong> <strong>(PVZ. <strong><a href=\"https:\/\/resolute.lt\/index.php\/produkto-kategorija\/4-6-d-d-pristatymo-prekes\/\" target=\"_blank\" rel=\"noreferrer noopener\">&#8222;4-6 D.D. PRISTATYMAS&#8221;<\/a> AR &#8222;5-7 D.D. PRISTATYMAS&#8221;<\/strong><\/strong>)<strong>:<\/strong><\/p>\n\n\n\n<ul class=\"wp-block-list\">\n<li class=\"has-small-font-size\">U\u017esakymo pristatymo mokestis Lietuvoje: 1,99 \u20ac &#8211; 4,99 \u20ac.<\/li>\n\n\n\n<li class=\"has-small-font-size\">U\u017esakymo pristatymo mokestis u\u017esienyje: iki 9,99 \u20ac.<\/li>\n\n\n\n<li class=\"has-small-font-size\">Siuntos siuntos paruo\u0161iamos per 1 darbo dien\u0105 ir pristatomos per preki\u0173 apra\u0161ymo vir\u0161uje nurodyt\u0105 pristatymo laik\u0105.<\/li>\n\n\n\n<li class=\"has-small-font-size\">Siuntos pristatomos per DPD, Itella Smartpost, Venipak arba DHL kurjeri\u0173 tarnybas.<\/li>\n\n\n\n<li class=\"has-small-font-size\">Jei siunta siun\u010diama per DHL, o siuntos gav\u0117jo adresas patenka \u012f <a href=\"https:\/\/mydhl.express.dhl\/content\/dam\/downloads\/global\/en\/remote-areas\/dhl_express_remote_areas_en.pdf.coredownload.pdf\">DHL atoki\u0173 vietovi\u0173 s\u0105ra\u0161\u0105<\/a>, gali b\u016bti parinktas kombinuotas siuntimo b\u016bdas: 4-6 darbo dien\u0173 DHL pristatymas iki paslaug\u0173 teik\u0117jo ofiso ir 2 darbo dien\u0173 DPD pristatymas pirk\u0117jui.<\/li>\n\n\n\n<li class=\"has-small-font-size\">Siuntos yra registruotos, tai rei\u0161kia, jog gausite siuntos sekimo numer\u012f (el. pa\u0161tu), pagal kur\u012f gal\u0117site sekti siuntos pristatymo eig\u0105.&nbsp;<\/li>\n\n\n\n<li class=\"has-small-font-size\">Pristatymo \u0161ali\u0173 s\u0105ra\u0161as: Austrija, Belgija, Bulgarija, Kroatija, Kipro Respublika, \u010cekija, Danija, Estija, Suomija, Pranc\u016bzija, Vokietija, Graikija, Vengrija, Airija, Italija, Latvija, Lietuva, Liuksemburgas, Malta, Nyderlandai, Lenkija, Portugalija, Rumunija, Slovakija, Slov\u0117nija, Ispanija ir \u0160vedija.<\/li>\n\n\n\n<li class=\"has-small-font-size\">U\u017esakant prekes \u012f Jungtin\u0119 Karalyst\u0119 ir Norvegij\u0105 gali b\u016bti taikomi siuntos importo mokes\u010diai, u\u017e kuriuos atsako pirk\u0117jas.<\/li>\n\n\n\n<li class=\"has-small-font-size\">Norint \u0161ias prekes atsiimti gyvai Vilniuje pirk\u0117jas \u012fsipareiga i\u0161 anksto sumok\u0117ti 10 % u\u017estat\u0105, laukti prek\u0117s nurodyt\u0105 laik\u0105, o likusi\u0105 sum\u0105 sumok\u0117ti prek\u0117s atsi\u0117mimo metu (kreiptis +37062296802 arba resolute.lietuva@gmail.com).<\/li>\n<\/ul>\n\n\n\n<p class=\"has-medium-font-size\"><strong>PRISTATYMO S\u0104LYGOS<\/strong> <strong>&#8222;STANDARTINIS PRISTATYMAS&#8221; PAMIN\u0116JIM\u0104 APRA\u0160YMO VIR\u0160UJE TURIN\u010cIOMS PREK\u0116MS:<\/strong><\/p>\n\n\n\n<ul class=\"wp-block-list\">\n<li class=\"has-small-font-size\">U\u017esakymo pristatymo mokestis Lietuvoje: 1,99 \u20ac.<\/li>\n\n\n\n<li class=\"has-small-font-size\">U\u017esakymo pristatymo mokestis u\u017esienyje: iki 9,99 \u20ac.<\/li>\n\n\n\n<li class=\"has-small-font-size\">Siuntos paruo\u0161iamos per 1 darbo dien\u0105 ir pristatomos per 7-12 darbo dien\u0173.<\/li>\n\n\n\n<li class=\"has-small-font-size\">Siuntos pristatomos per Omniva kurjeri\u0173 tarnyb\u0105 arba Lietuvos pa\u0161t\u0105.<\/li>\n\n\n\n<li class=\"has-small-font-size\">Siuntos yra registruotos, tai rei\u0161kia, jog gausite siuntos sekimo numer\u012f (el. pa\u0161tu), pagal kur\u012f gal\u0117site sekti prek\u0117s pristatymo eig\u0105.&nbsp;<\/li>\n\n\n\n<li class=\"has-small-font-size\">Siuntos praradimo atveju pinig\u0173 gr\u0105\u017einimo byl\u0105 per mok\u0117jim\u0173 partner\u012f turime galimyb\u0119 atidaryti jeigu antrasis siuntos sekimo statusas n\u0117ra atsirad\u0119s pra\u0117jus 7 kalendorin\u0117ms dienoms po pasibaigusio 21 kalendorini\u0173 dien\u0173 pristatymo laikotarpio.<\/li>\n\n\n\n<li class=\"has-small-font-size\">Pristatymo \u0161ali\u0173 s\u0105ra\u0161as: Austrija, Belgija, Bulgarija, Kroatija, Kipro Respublika, \u010cekija, Danija, Estija, Suomija, Pranc\u016bzija, Vokietija, Graikija, Vengrija, Airija, Italija, Latvija, Lietuva, Liuksemburgas, Malta, Nyderlandai, Lenkija, Portugalija, Rumunija, Slovakija, Slov\u0117nija, Ispanija ir \u0160vedija.<\/li>\n\n\n\n<li class=\"has-small-font-size\">U\u017esakant prekes \u012f Jungtin\u0119 Karalyst\u0119 ir Norvegij\u0105 gali b\u016bti taikomi siuntos importo mokes\u010diai, u\u017e kuriuos atsako pirk\u0117jas.<\/li>\n<\/ul>\n\n\n\n<p class=\"has-medium-font-size\"><strong>PASLAUG\u0172 TEIK\u0116JO PAREIGOS:<\/strong><\/p>\n\n\n\n<ul class=\"wp-block-list\">\n<li class=\"has-small-font-size\">Resolute.lt yra paslaug\u0173 teik\u0117jas, \u012fsteigtas Vilniuje, Lietuvoje, ind. veikl. pa\u017e. nr. \u2013 663263, u\u017esiimantis preki\u0173 u\u017esakymo, pristatymo ir garantinio aptarnavimo tarpininkavimu, preki\u0173 importo proced\u016bromis, klient\u0173 aptarnavimu lietuvi\u0173 ir angl\u0173 kalbomis, preki\u0173 reklama Lietuvos rinkoje.<\/li>\n\n\n\n<li class=\"has-small-font-size\">Paslaug\u0173 teik\u0117jo u\u017esakom\u0173 preki\u0173 pardav\u0117jai yra \u012fsteigti Kinijoje.<\/li>\n<\/ul>\n\n\n\n<p>Paslaug\u0173 teik\u0117jo \u012fsipareigojimai pirk\u0117jui:<\/p>\n\n\n\n<ul class=\"wp-block-list\">\n<li class=\"has-small-font-size\">Pateikti i\u0161 pardav\u0117jo galim\u0173 u\u017esakyti preki\u0173 katalog\u0105, \u012fskaitant preki\u0173 kainas, apra\u0161ymus lietuvi\u0173 kalba bei vizualicijas.<\/li>\n\n\n\n<li class=\"has-small-font-size\">\u012evairiais b\u016bdais (\u017ei\u016br\u0117ti auk\u0161\u010diau &#8211; &#8222;Apmok\u0117jimo b\u016bdai&#8221;) surinkti apmok\u0117jimus u\u017e prekes bei j\u0173 pristatym\u0105 i\u0161 pirk\u0117jo ir perduoti \u0161iuos apmok\u0117jimus pardav\u0117jui.<\/li>\n\n\n\n<li class=\"has-small-font-size\">I\u0161 pardav\u0117jo u\u017esakyti pirk\u0117jo pasirinktas prekes ir preki\u0173 pristatymo paslaugas.<\/li>\n\n\n\n<li class=\"has-small-font-size\">El. pa\u0161tu ir telefonu pirk\u0117jui teikti informacij\u0105 apie prekes lietuvi\u0173 bei angl\u0173 kalbomis.<\/li>\n\n\n\n<li class=\"has-small-font-size\">Garantinio aptarnavimo atvejais el. pa\u0161tu tarpininkauti vykdant komunikacij\u0105 tarp pirk\u0117jo, pardav\u0117jo bei PayPal (Europe) S.\u00e0 r.l. et Cie, S.C.A. (\u017ei\u016br\u0117ti <a href=\"https:\/\/resolute.lt\/index.php\/garantinis-aptarnavimas\/\">&#8222;Garantinio aptarnavimo s\u0105lygos&#8221;<\/a>).<\/li>\n\n\n\n<li class=\"has-small-font-size\">El. pa\u0161tu ir telefonu vykdyti kit\u0173 pirk\u0117jo paklausim\u0173 sprendim\u0105 lietuvi\u0173 bei angl\u0173 kalbomis.<\/li>\n\n\n\n<li class=\"has-small-font-size\">Pateikti pirk\u0117j\u0173 siunt\u0173 deklaracijas Lietuvos Respublikos muitinei ir apmok\u0117ti importo PVM (punktas galioja i\u0161 ne ES \u0161ali\u0173 \u012f ES pristatomoms siuntoms).<\/li>\n<\/ul>\n\n\n\n<p class=\"has-medium-font-size\"><strong>U\u017dSAKYM\u0172 AT\u0160AUKIMO TAISYKL\u0116S:<\/strong><\/p>\n\n\n\n<ul class=\"wp-block-list\">\n<li class=\"has-small-font-size\">Neapmok\u0117ti u\u017esakymai n\u0117ra vykdomi ir papildomo pra\u0161ymo j\u0173 at\u0161aukti nereikia.<\/li>\n\n\n\n<li class=\"has-small-font-size\">Apmok\u0117t\u0105 u\u017esakym\u0105 galima at\u0161aukti tol, kol jis n\u0117ra perduotas kurjeri\u0173 tarnyboms.<\/li>\n\n\n\n<li class=\"has-small-font-size\">Apmok\u0117ti, kurjeri\u0173 tarnyboms perduoti ir pristatymo procese esantys u\u017esakymai yra neat\u0161aukiami (siunt\u0173 pristatymo proceso metu kurjeri\u0173 tarnybos siunt\u0173 gr\u0105\u017einimo paslaugos neteikia).<\/li>\n<\/ul>\n\n\n\n<p><\/p>\n","protected":false},"excerpt":{"rendered":"<p>PIRKIMO-PARDAVIMO TAISYKL\u0116S Persp\u0117jame, jog d\u0117l Spring Festival atostog\u0173 (vasario m\u0117n. 10-25 d.) u\u017e Ulefone telefon\u0173 siuntim\u0105 i\u0161 EU sand\u0117lio atsakingi partneriai dirbs ribotai, tod\u0117l Ulefone telefon\u0173 siunt\u0173 pristatymas gali u\u017etrukti ilgiau nei \u012fprastos 4-6 darbo dienos. APMOK\u0116JIMO B\u016aDAI: PRISTATYMO S\u0104LYGOS&nbsp;&#8222;2 D.D. PRISTATYMO PREK\u0116S\u201c KATEGORIJOS PREK\u0116MS: PREKI\u0172 PRISTATYMO S\u0104LYGOS LIETUVOJE: PREKI\u0172 PRISTATYMO S\u0104LYGOS U\u017dSIENYJE: PRISTATYMO S\u0104LYGOS [&#8230;]\n","protected":false},"author":1,"featured_media":0,"parent":0,"menu_order":0,"comment_status":"closed","ping_status":"closed","template":"","meta":{"footnotes":""},"class_list":["post-60","page","type-page","status-publish","hentry"],"yoast_head":"<!-- This site is optimized with the Yoast SEO plugin v27.5 - https:\/\/yoast.com\/product\/yoast-seo-wordpress\/ -->\n<title>Pirkimo-pardavimo taisykl\u0117s - Resolute.lt<\/title>\n<meta name=\"description\" content=\"Resolute.lt preki\u0173 pirkimo pardavimo-taisykl\u0117s - pristatymo s\u0105lygos, garantinis aptarnavimas, u\u017esakym\u0173 at\u0161aukimo s\u0105lygos.\" \/>\n<meta name=\"robots\" content=\"index, follow, max-snippet:-1, max-image-preview:large, max-video-preview:-1\" \/>\n<link rel=\"canonical\" href=\"https:\/\/resolute.lt\/index.php\/pirkimo-pardavimo-taisykles\/\" \/>\n<meta property=\"og:locale\" content=\"lt_LT\" \/>\n<meta property=\"og:type\" content=\"article\" \/>\n<meta property=\"og:title\" content=\"Pirkimo-pardavimo taisykl\u0117s - Resolute.lt\" \/>\n<meta property=\"og:description\" content=\"Resolute.lt preki\u0173 pirkimo pardavimo-taisykl\u0117s - pristatymo s\u0105lygos, garantinis aptarnavimas, u\u017esakym\u0173 at\u0161aukimo s\u0105lygos.\" \/>\n<meta property=\"og:url\" content=\"https:\/\/resolute.lt\/index.php\/pirkimo-pardavimo-taisykles\/\" \/>\n<meta property=\"og:site_name\" content=\"Resolute.lt\" \/>\n<meta property=\"article:modified_time\" content=\"2026-02-10T16:57:22+00:00\" \/>\n<meta name=\"twitter:card\" content=\"summary_large_image\" \/>\n<meta name=\"twitter:label1\" content=\"Est. reading time\" \/>\n\t<meta name=\"twitter:data1\" content=\"5 minut\u0117s\" \/>\n<script type=\"application\/ld+json\" class=\"yoast-schema-graph\">{\"@context\":\"https:\\\/\\\/schema.org\",\"@graph\":[{\"@type\":\"WebPage\",\"@id\":\"https:\\\/\\\/resolute.lt\\\/index.php\\\/pirkimo-pardavimo-taisykles\\\/\",\"url\":\"https:\\\/\\\/resolute.lt\\\/index.php\\\/pirkimo-pardavimo-taisykles\\\/\",\"name\":\"Pirkimo-pardavimo taisykl\u0117s - Resolute.lt\",\"isPartOf\":{\"@id\":\"https:\\\/\\\/resolute.lt\\\/#website\"},\"datePublished\":\"2020-05-19T16:09:46+00:00\",\"dateModified\":\"2026-02-10T16:57:22+00:00\",\"description\":\"Resolute.lt preki\u0173 pirkimo pardavimo-taisykl\u0117s - pristatymo s\u0105lygos, garantinis aptarnavimas, u\u017esakym\u0173 at\u0161aukimo s\u0105lygos.\",\"breadcrumb\":{\"@id\":\"https:\\\/\\\/resolute.lt\\\/index.php\\\/pirkimo-pardavimo-taisykles\\\/#breadcrumb\"},\"inLanguage\":\"lt-LT\",\"potentialAction\":[{\"@type\":\"ReadAction\",\"target\":[\"https:\\\/\\\/resolute.lt\\\/index.php\\\/pirkimo-pardavimo-taisykles\\\/\"]}]},{\"@type\":\"BreadcrumbList\",\"@id\":\"https:\\\/\\\/resolute.lt\\\/index.php\\\/pirkimo-pardavimo-taisykles\\\/#breadcrumb\",\"itemListElement\":[{\"@type\":\"ListItem\",\"position\":1,\"name\":\"Home\",\"item\":\"https:\\\/\\\/resolute.lt\\\/\"},{\"@type\":\"ListItem\",\"position\":2,\"name\":\"Taisykl\u0117s\"}]},{\"@type\":\"WebSite\",\"@id\":\"https:\\\/\\\/resolute.lt\\\/#website\",\"url\":\"https:\\\/\\\/resolute.lt\\\/\",\"name\":\"Resolute.lt\",\"description\":\"Sm\u016bgiams ir vandeniui telefonai\",\"potentialAction\":[{\"@type\":\"SearchAction\",\"target\":{\"@type\":\"EntryPoint\",\"urlTemplate\":\"https:\\\/\\\/resolute.lt\\\/?s={search_term_string}\"},\"query-input\":{\"@type\":\"PropertyValueSpecification\",\"valueRequired\":true,\"valueName\":\"search_term_string\"}}],\"inLanguage\":\"lt-LT\"}]}<\/script>\n<!-- \/ Yoast SEO plugin. -->","yoast_head_json":{"title":"Pirkimo-pardavimo taisykl\u0117s - Resolute.lt","description":"Resolute.lt preki\u0173 pirkimo pardavimo-taisykl\u0117s - pristatymo s\u0105lygos, garantinis aptarnavimas, u\u017esakym\u0173 at\u0161aukimo s\u0105lygos.","robots":{"index":"index","follow":"follow","max-snippet":"max-snippet:-1","max-image-preview":"max-image-preview:large","max-video-preview":"max-video-preview:-1"},"canonical":"https:\/\/resolute.lt\/index.php\/pirkimo-pardavimo-taisykles\/","og_locale":"lt_LT","og_type":"article","og_title":"Pirkimo-pardavimo taisykl\u0117s - Resolute.lt","og_description":"Resolute.lt preki\u0173 pirkimo pardavimo-taisykl\u0117s - pristatymo s\u0105lygos, garantinis aptarnavimas, u\u017esakym\u0173 at\u0161aukimo s\u0105lygos.","og_url":"https:\/\/resolute.lt\/index.php\/pirkimo-pardavimo-taisykles\/","og_site_name":"Resolute.lt","article_modified_time":"2026-02-10T16:57:22+00:00","twitter_card":"summary_large_image","twitter_misc":{"Est. reading time":"5 minut\u0117s"},"schema":{"@context":"https:\/\/schema.org","@graph":[{"@type":"WebPage","@id":"https:\/\/resolute.lt\/index.php\/pirkimo-pardavimo-taisykles\/","url":"https:\/\/resolute.lt\/index.php\/pirkimo-pardavimo-taisykles\/","name":"Pirkimo-pardavimo taisykl\u0117s - Resolute.lt","isPartOf":{"@id":"https:\/\/resolute.lt\/#website"},"datePublished":"2020-05-19T16:09:46+00:00","dateModified":"2026-02-10T16:57:22+00:00","description":"Resolute.lt preki\u0173 pirkimo pardavimo-taisykl\u0117s - pristatymo s\u0105lygos, garantinis aptarnavimas, u\u017esakym\u0173 at\u0161aukimo s\u0105lygos.","breadcrumb":{"@id":"https:\/\/resolute.lt\/index.php\/pirkimo-pardavimo-taisykles\/#breadcrumb"},"inLanguage":"lt-LT","potentialAction":[{"@type":"ReadAction","target":["https:\/\/resolute.lt\/index.php\/pirkimo-pardavimo-taisykles\/"]}]},{"@type":"BreadcrumbList","@id":"https:\/\/resolute.lt\/index.php\/pirkimo-pardavimo-taisykles\/#breadcrumb","itemListElement":[{"@type":"ListItem","position":1,"name":"Home","item":"https:\/\/resolute.lt\/"},{"@type":"ListItem","position":2,"name":"Taisykl\u0117s"}]},{"@type":"WebSite","@id":"https:\/\/resolute.lt\/#website","url":"https:\/\/resolute.lt\/","name":"Resolute.lt","description":"Sm\u016bgiams ir vandeniui telefonai","potentialAction":[{"@type":"SearchAction","target":{"@type":"EntryPoint","urlTemplate":"https:\/\/resolute.lt\/?s={search_term_string}"},"query-input":{"@type":"PropertyValueSpecification","valueRequired":true,"valueName":"search_term_string"}}],"inLanguage":"lt-LT"}]}},"_links":{"self":[{"href":"https:\/\/resolute.lt\/index.php\/wp-json\/wp\/v2\/pages\/60","targetHints":{"allow":["GET"]}}],"collection":[{"href":"https:\/\/resolute.lt\/index.php\/wp-json\/wp\/v2\/pages"}],"about":[{"href":"https:\/\/resolute.lt\/index.php\/wp-json\/wp\/v2\/types\/page"}],"author":[{"embeddable":true,"href":"https:\/\/resolute.lt\/index.php\/wp-json\/wp\/v2\/users\/1"}],"replies":[{"embeddable":true,"href":"https:\/\/resolute.lt\/index.php\/wp-json\/wp\/v2\/comments?post=60"}],"version-history":[{"count":313,"href":"https:\/\/resolute.lt\/index.php\/wp-json\/wp\/v2\/pages\/60\/revisions"}],"predecessor-version":[{"id":6673,"href":"https:\/\/resolute.lt\/index.php\/wp-json\/wp\/v2\/pages\/60\/revisions\/6673"}],"wp:attachment":[{"href":"https:\/\/resolute.lt\/index.php\/wp-json\/wp\/v2\/media?parent=60"}],"curies":[{"name":"wp","href":"https:\/\/api.w.org\/{rel}","templated":true}]}}