{"id":55,"date":"2020-05-19T16:05:46","date_gmt":"2020-05-19T16:05:46","guid":{"rendered":"http:\/\/resolute.lt\/?page_id=55"},"modified":"2025-12-02T13:49:24","modified_gmt":"2025-12-02T13:49:24","slug":"kontaktai","status":"publish","type":"page","link":"https:\/\/resolute.lt\/index.php\/kontaktai\/","title":{"rendered":"Kontaktai"},"content":{"rendered":"\n<p class=\"has-black-color has-text-color has-link-color wp-elements-509e4224acc9e3d7d7af087db65f86b1\"><strong>Resolute.lt<\/strong>&nbsp;&#8211; tai moderni vandeniui ir sm\u016bgiams atspari\u0173 i\u0161mani\u0173j\u0173 telefon\u0173 bei j\u0173 pried\u0173 prekybos vieta. M\u016bs\u0173 du svarbiausi u\u017edaviniai: suteikti greit\u0105, kokybi\u0161k\u0105 aptarnavim\u0105 bei pasi\u016blyti egzotini\u0173, retesni\u0173 prek\u0117s \u017eenkl\u0173 produkcij\u0105, pasi\u017eymin\u010di\u0105 geriausiu kainos ir kokyb\u0117s santykiu. Si\u016blome Ulefone, Doogee, IIIF150 ir kit\u0173 gamintoj\u0173 produktus. Veikl\u0105 vykdome nuo 2018 met\u0173. Prekes pristatome \u012f visas Europos S\u0105jungos \u0161alis \ud83c\uddea\ud83c\uddfa, Islandij\u0105 \ud83c\uddee\ud83c\uddf8, Jungtin\u0119 Karalyst\u0119 \ud83c\uddec\ud83c\udde7 ir Norvegij\u0105 \ud83c\uddf3\ud83c\uddf4.<\/p>\n\n\n\n<ul class=\"wp-block-list\">\n<li>\ud83d\udcde Tel. nr.: <strong>+37062296802<\/strong> <\/li>\n\n\n\n<li class=\"has-black-color has-text-color has-link-color wp-elements-2c8897e39efe6b88fd3366952bbd916f\">\ud83d\udce7 El. pa\u0161tas:<strong>\u00a0<a href=\"mailto:resolute.lietuva@gmail.com\">resolute.lietuva@gmail.com<\/a><\/strong><\/li>\n\n\n\n<li class=\"has-black-color has-text-color has-link-color wp-elements-f66683903403761b1ac5a956c5df1c02\">\ud83c\udfe2 Miestas, i\u0161 kurio siun\u010diamos &#8222;<a href=\"https:\/\/resolute.lt\/index.php\/produkto-kategorija\/2-d-d-pristatymo-prekes\/\">2 d.d. pristatymo&#8221; kategorijos prek\u0117s<\/a>: <strong>Vilnius<\/strong>, <strong>Lietuva<\/strong><\/li>\n\n\n\n<li class=\"has-black-color has-text-color has-link-color wp-elements-b0f8c5763a8a53837dc85e9b73e3d784\">\u231a Darbo laikas:<strong>&nbsp;10:00 \u2013 18:00, pirmad. &#8211; ketvirtad.; 10:00 \u2013 16:00, penktad.<\/strong><\/li>\n\n\n\n<li class=\"has-black-color has-text-color has-link-color wp-elements-1ef053f7e6f74d2150027a693548ea05\">Savaitgaliais ir valstybini\u0173 \u0161ven\u010di\u0173 dienomis \u2013 nedirbame<\/li>\n<\/ul>\n\n\n\n<div style=\"height:42px\" aria-hidden=\"true\" class=\"wp-block-spacer\"><\/div>\n\n\n\n<p class=\"has-text-color has-link-color wp-elements-a87a163c6fc277b3c054281c3f2bbfa3\" style=\"color:#141414d1\">Paslaug\u0173 teik\u0117jo rekvizitai:&nbsp;<strong>Resolute.lt, pa\u017e. nr.: 663263<\/strong><br>Pirkimo-pardavimo taisykl\u0117s: <strong><a href=\"https:\/\/resolute.lt\/index.php\/pirkimo-pardavimo-taisykles\/\">\u010cIA<\/a><em><br><br><\/em><\/strong><em>Resolute.lt projektas yra pri\u017ei\u016brimas UAB Paysera LT mok\u0117jim\u0173 \u012fstaigos<br>UAB Paysera LT yra reguliuojama Lietuvos Banko<\/em><\/p>\n","protected":false},"excerpt":{"rendered":"<p>Resolute.lt&nbsp;&#8211; tai moderni vandeniui ir sm\u016bgiams atspari\u0173 i\u0161mani\u0173j\u0173 telefon\u0173 bei j\u0173 pried\u0173 prekybos vieta. M\u016bs\u0173 du svarbiausi u\u017edaviniai: suteikti greit\u0105, kokybi\u0161k\u0105 aptarnavim\u0105 bei pasi\u016blyti egzotini\u0173, retesni\u0173 prek\u0117s \u017eenkl\u0173 produkcij\u0105, pasi\u017eymin\u010di\u0105 geriausiu kainos ir kokyb\u0117s santykiu. Si\u016blome Ulefone, Doogee, IIIF150 ir kit\u0173 gamintoj\u0173 produktus. Veikl\u0105 vykdome nuo 2018 met\u0173. Prekes pristatome \u012f visas Europos S\u0105jungos \u0161alis [&#8230;]\n","protected":false},"author":1,"featured_media":0,"parent":0,"menu_order":0,"comment_status":"closed","ping_status":"closed","template":"","meta":{"footnotes":""},"class_list":["post-55","page","type-page","status-publish","hentry"],"yoast_head":"<!-- This site is optimized with the Yoast SEO plugin v27.5 - https:\/\/yoast.com\/product\/yoast-seo-wordpress\/ -->\n<title>Kontaktai - Susisiekite su Resolute.lt<\/title>\n<meta name=\"description\" content=\"Reikia pagalbos ar patarimo? Susisiekite su Resolute.lt visais Jums r\u016bpimais klausimais. Klientus aptarnaujame telefonu ir el. pa\u0161tu.\" \/>\n<meta name=\"robots\" content=\"index, follow, max-snippet:-1, max-image-preview:large, max-video-preview:-1\" \/>\n<link rel=\"canonical\" href=\"https:\/\/resolute.lt\/index.php\/kontaktai\/\" \/>\n<meta property=\"og:locale\" content=\"lt_LT\" \/>\n<meta property=\"og:type\" content=\"article\" \/>\n<meta property=\"og:title\" content=\"Kontaktai - Susisiekite su Resolute.lt\" \/>\n<meta property=\"og:description\" content=\"Reikia pagalbos ar patarimo? Susisiekite su Resolute.lt visais Jums r\u016bpimais klausimais. Klientus aptarnaujame telefonu ir el. pa\u0161tu.\" \/>\n<meta property=\"og:url\" content=\"https:\/\/resolute.lt\/index.php\/kontaktai\/\" \/>\n<meta property=\"og:site_name\" content=\"Resolute.lt\" \/>\n<meta property=\"article:modified_time\" content=\"2025-12-02T13:49:24+00:00\" \/>\n<meta name=\"twitter:card\" content=\"summary_large_image\" \/>\n<meta name=\"twitter:label1\" content=\"Est. reading time\" \/>\n\t<meta name=\"twitter:data1\" content=\"1 minut\u0117\" \/>\n<script type=\"application\/ld+json\" class=\"yoast-schema-graph\">{\"@context\":\"https:\\\/\\\/schema.org\",\"@graph\":[{\"@type\":\"WebPage\",\"@id\":\"https:\\\/\\\/resolute.lt\\\/index.php\\\/kontaktai\\\/\",\"url\":\"https:\\\/\\\/resolute.lt\\\/index.php\\\/kontaktai\\\/\",\"name\":\"Kontaktai - Susisiekite su Resolute.lt\",\"isPartOf\":{\"@id\":\"https:\\\/\\\/resolute.lt\\\/#website\"},\"datePublished\":\"2020-05-19T16:05:46+00:00\",\"dateModified\":\"2025-12-02T13:49:24+00:00\",\"description\":\"Reikia pagalbos ar patarimo? Susisiekite su Resolute.lt visais Jums r\u016bpimais klausimais. Klientus aptarnaujame telefonu ir el. pa\u0161tu.\",\"breadcrumb\":{\"@id\":\"https:\\\/\\\/resolute.lt\\\/index.php\\\/kontaktai\\\/#breadcrumb\"},\"inLanguage\":\"lt-LT\",\"potentialAction\":[{\"@type\":\"ReadAction\",\"target\":[\"https:\\\/\\\/resolute.lt\\\/index.php\\\/kontaktai\\\/\"]}]},{\"@type\":\"BreadcrumbList\",\"@id\":\"https:\\\/\\\/resolute.lt\\\/index.php\\\/kontaktai\\\/#breadcrumb\",\"itemListElement\":[{\"@type\":\"ListItem\",\"position\":1,\"name\":\"Home\",\"item\":\"https:\\\/\\\/resolute.lt\\\/\"},{\"@type\":\"ListItem\",\"position\":2,\"name\":\"Kontaktai\"}]},{\"@type\":\"WebSite\",\"@id\":\"https:\\\/\\\/resolute.lt\\\/#website\",\"url\":\"https:\\\/\\\/resolute.lt\\\/\",\"name\":\"Resolute.lt\",\"description\":\"Sm\u016bgiams ir vandeniui telefonai\",\"potentialAction\":[{\"@type\":\"SearchAction\",\"target\":{\"@type\":\"EntryPoint\",\"urlTemplate\":\"https:\\\/\\\/resolute.lt\\\/?s={search_term_string}\"},\"query-input\":{\"@type\":\"PropertyValueSpecification\",\"valueRequired\":true,\"valueName\":\"search_term_string\"}}],\"inLanguage\":\"lt-LT\"}]}<\/script>\n<!-- \/ Yoast SEO plugin. -->","yoast_head_json":{"title":"Kontaktai - Susisiekite su Resolute.lt","description":"Reikia pagalbos ar patarimo? Susisiekite su Resolute.lt visais Jums r\u016bpimais klausimais. Klientus aptarnaujame telefonu ir el. pa\u0161tu.","robots":{"index":"index","follow":"follow","max-snippet":"max-snippet:-1","max-image-preview":"max-image-preview:large","max-video-preview":"max-video-preview:-1"},"canonical":"https:\/\/resolute.lt\/index.php\/kontaktai\/","og_locale":"lt_LT","og_type":"article","og_title":"Kontaktai - Susisiekite su Resolute.lt","og_description":"Reikia pagalbos ar patarimo? Susisiekite su Resolute.lt visais Jums r\u016bpimais klausimais. Klientus aptarnaujame telefonu ir el. pa\u0161tu.","og_url":"https:\/\/resolute.lt\/index.php\/kontaktai\/","og_site_name":"Resolute.lt","article_modified_time":"2025-12-02T13:49:24+00:00","twitter_card":"summary_large_image","twitter_misc":{"Est. reading time":"1 minut\u0117"},"schema":{"@context":"https:\/\/schema.org","@graph":[{"@type":"WebPage","@id":"https:\/\/resolute.lt\/index.php\/kontaktai\/","url":"https:\/\/resolute.lt\/index.php\/kontaktai\/","name":"Kontaktai - Susisiekite su Resolute.lt","isPartOf":{"@id":"https:\/\/resolute.lt\/#website"},"datePublished":"2020-05-19T16:05:46+00:00","dateModified":"2025-12-02T13:49:24+00:00","description":"Reikia pagalbos ar patarimo? Susisiekite su Resolute.lt visais Jums r\u016bpimais klausimais. Klientus aptarnaujame telefonu ir el. pa\u0161tu.","breadcrumb":{"@id":"https:\/\/resolute.lt\/index.php\/kontaktai\/#breadcrumb"},"inLanguage":"lt-LT","potentialAction":[{"@type":"ReadAction","target":["https:\/\/resolute.lt\/index.php\/kontaktai\/"]}]},{"@type":"BreadcrumbList","@id":"https:\/\/resolute.lt\/index.php\/kontaktai\/#breadcrumb","itemListElement":[{"@type":"ListItem","position":1,"name":"Home","item":"https:\/\/resolute.lt\/"},{"@type":"ListItem","position":2,"name":"Kontaktai"}]},{"@type":"WebSite","@id":"https:\/\/resolute.lt\/#website","url":"https:\/\/resolute.lt\/","name":"Resolute.lt","description":"Sm\u016bgiams ir vandeniui telefonai","potentialAction":[{"@type":"SearchAction","target":{"@type":"EntryPoint","urlTemplate":"https:\/\/resolute.lt\/?s={search_term_string}"},"query-input":{"@type":"PropertyValueSpecification","valueRequired":true,"valueName":"search_term_string"}}],"inLanguage":"lt-LT"}]}},"_links":{"self":[{"href":"https:\/\/resolute.lt\/index.php\/wp-json\/wp\/v2\/pages\/55","targetHints":{"allow":["GET"]}}],"collection":[{"href":"https:\/\/resolute.lt\/index.php\/wp-json\/wp\/v2\/pages"}],"about":[{"href":"https:\/\/resolute.lt\/index.php\/wp-json\/wp\/v2\/types\/page"}],"author":[{"embeddable":true,"href":"https:\/\/resolute.lt\/index.php\/wp-json\/wp\/v2\/users\/1"}],"replies":[{"embeddable":true,"href":"https:\/\/resolute.lt\/index.php\/wp-json\/wp\/v2\/comments?post=55"}],"version-history":[{"count":203,"href":"https:\/\/resolute.lt\/index.php\/wp-json\/wp\/v2\/pages\/55\/revisions"}],"predecessor-version":[{"id":6557,"href":"https:\/\/resolute.lt\/index.php\/wp-json\/wp\/v2\/pages\/55\/revisions\/6557"}],"wp:attachment":[{"href":"https:\/\/resolute.lt\/index.php\/wp-json\/wp\/v2\/media?parent=55"}],"curies":[{"name":"wp","href":"https:\/\/api.w.org\/{rel}","templated":true}]}}