{"id":3,"date":"2020-04-19T13:03:19","date_gmt":"2020-04-19T13:03:19","guid":{"rendered":"http:\/\/resolute.lt\/?page_id=3"},"modified":"2025-12-23T13:28:26","modified_gmt":"2025-12-23T13:28:26","slug":"garantinis-aptarnavimas","status":"publish","type":"page","link":"https:\/\/resolute.lt\/index.php\/garantinis-aptarnavimas\/","title":{"rendered":"Garantinis aptarnavimas"},"content":{"rendered":"\n<h2 class=\"wp-block-heading\">GARANTINIO APTARNAVIMO S\u0104LYGOS<\/h2>\n\n\n\n<div style=\"height:17px\" aria-hidden=\"true\" class=\"wp-block-spacer\"><\/div>\n\n\n\n<p>PIRK\u0116JAS TURI TEIS\u0118 \u012e:<\/p>\n\n\n\n<ul class=\"wp-block-list\">\n<li class=\"has-small-font-size\"><strong>\u012f nemokam\u0105 prek\u0117s keitim\u0105 arba remont\u0105, jeigu ji turi pramonin\u012f defekt\u0105 (2 metai fiziniams asmenims, 1 metai juridiniams asmenims).<\/strong><\/li>\n<\/ul>\n\n\n\n<p>DEFEKTAI NE\u0160ALINAMI \u0160IAIS ATVEJAIS:<\/p>\n\n\n\n<ul class=\"wp-block-list\">\n<li class=\"has-small-font-size\">jei pirk\u0117jas neturi apmok\u0117jimo dokumento (elektronin\u0117s s\u0105skaitos-fakt\u016bros, el. bankininkyst\u0117je sugeneruoto apmok\u0117jimo dokumento arba elektroninio pinig\u0173 pri\u0117mimo kvito (SMS forma) kopijos).<\/li>\n\n\n\n<li class=\"has-small-font-size\">jei pirk\u0117jas neturi visos prek\u0117s komplektacijos (vis\u0173 originali\u0173 pried\u0173, aksesuar\u0173, naudojimo instrukcij\u0173 bei prek\u0117s \u012fpakavimo);<\/li>\n\n\n\n<li class=\"has-small-font-size\">jei prekei buvo padaryta \u017eala d\u0117l valstyb\u0117s reguliuojam\u0173 elektros energijos ir telekomunikacij\u0173 tinklo standart\u0173 nesilaikymo, stichini\u0173 nelaimi\u0173, kompiuterini\u0173 virus\u0173, skys\u010di\u0173, dulki\u0173, pa\u0161alini\u0173 daikt\u0173, vabzd\u017ei\u0173, elektromagnetini\u0173 bang\u0173, radiacijos ar korozini\u0173 med\u017eiag\u0173; <\/li>\n\n\n\n<li class=\"has-small-font-size\">jei pirk\u0117jas nesilaik\u0117 prek\u0117s naudojimo instrukcij\u0173, elementari\u0173 saugos priemoni\u0173 ir saugaus naudojimo s\u0105lyg\u0173; <\/li>\n\n\n\n<li class=\"has-small-font-size\">jei garantin\u0117 plomba yra pa\u017eeista ar yra darytas neleistinas produkto remontas ar ardymas; <\/li>\n\n\n\n<li class=\"has-small-font-size\">jei buvo naudojamas nestandartinis maitinimo \u0161altinis, priedai ar atsargin\u0117s dalys ir reikmenys, kuri\u0173 gamintojas n\u0117ra sertifikav\u0119s naudojimui su nurodytu produktu ir jei to pasekoje buvo padaryta \u017eala produktui;<\/li>\n\n\n\n<li class=\"has-small-font-size\">jei prek\u0117je buvo diegiama neoficiali, gamintojo nesertifikuota operacin\u0117s sistemos versija.<\/li>\n<\/ul>\n\n\n\n<p>PAPILDOMOS S\u0104LYGOS:<\/p>\n\n\n\n<ul class=\"wp-block-list\">\n<li class=\"has-small-font-size\">Resolute.lt yra paslaug\u0173 teik\u0117jas, \u012fsteigtas Vilniuje, Lietuvoje, ind. veikl. pa\u017e. nr. &#8211; 663263, u\u017esiimantis preki\u0173 u\u017esakymo, pristatymo bei garantinio aptarnavimo tarpininkavimu, klient\u0173 aptarnavimu lietuvi\u0173 ir angl\u0173 kalbomis, preki\u0173 reklama Lietuvos rinkoje;<\/li>\n\n\n\n<li class=\"has-small-font-size\">Paslaug\u0173 teik\u0117jo si\u016blom\u0173 preki\u0173 garantinio aptarnavimo centrai yra \u012fsteigti Europos S\u0105jungoje bei Kinijoje. Pardav\u0117jas garantinio centro duomenis nurodo PayPal sistemoje atidarytoje garantinio aptarnavimo byloje priklausomai nuo numanomo pramoninio defekto;<\/li>\n\n\n\n<li class=\"has-small-font-size\">Paslaug\u0173 teik\u0117jo si\u016blom\u0173 preki\u0173 pardav\u0117jai yra \u012fsteigti Kinijoje;<\/li>\n\n\n\n<li class=\"has-small-font-size\">Paslaug\u0173 teik\u0117jo si\u016blomoms prek\u0117ms garantin\u012f aptarnavim\u0105 pardav\u0117j\u0105 \u012fpareigoja suteikti ir komunikacij\u0105 tarp paslaug\u0173 teik\u0117jo ir pardav\u0117jo u\u017etikrina m\u016bs\u0173 partneris PayPal (Europe) S.\u00e0 r.l. et Cie, S.C.A. (toliau: Paypal), \u012fsteigtas Liuksemburge, \u012fmon\u0117s kodas &#8211; LU 220 97880;<\/li>\n\n\n\n<li class=\"has-small-font-size\">Pirk\u0117jas, norintis pateikti prane\u0161im\u0105 apie numanom\u0105 prek\u0117s pramonin\u012f defekt\u0105, pirmiausia paslaug\u0173 teik\u0117jui el. pa\u0161tu (info@resolute.lt) privalo pateikti apmok\u0117jimo \u012frodymo (s\u0105skaitos-fakt\u016bros, pinig\u0173 pri\u0117mimo kvito arba el. bankininkyst\u0117je sugeneruoto apmok\u0117jimo dokumento) nuotrauk\u0105 arba kopij\u0105 bei numanomo prek\u0117s pramoninio defekto apra\u0161ym\u0105 bei pasirei\u0161kimo aplinkybes;<\/li>\n\n\n\n<li class=\"has-small-font-size\">Tais atvejais, kai pirk\u0117jui yra atliktas pinig\u0173 gr\u0105\u017einimas arba prek\u0117s keitimas, o pirk\u0117jo \u012f garantin\u012f centr\u0105 i\u0161si\u0173sta siunta pasimeta, pirk\u0117jas, remiantis paslaug\u0173 teik\u0117jo \u012fvykdytu \u017ealos atlyginimo faktu, atsisako siuntos ve\u017e\u0117jo kompensacijos ir sutinka, jog siuntos ve\u017e\u0117jas prarastos siuntos \u017eal\u0105 atlygint\u0173 paslaug\u0173 teik\u0117jui;<\/li>\n\n\n\n<li class=\"has-small-font-size\">Paslaug\u0173 teik\u0117jas ir pardav\u0117jas neatsako u\u017e \u012frenginio saugom\u0173 duomen\u0173 defektus ar praradimus;<\/li>\n\n\n\n<li class=\"has-small-font-size\">Pirk\u0117jas, sutik\u0119s i\u0161si\u0173sti prek\u0119 pagal atidaryt\u0105 PayPal garantinio aptarnavimo byl\u0105, yra \u012fpareigotas i\u0161si\u0173sti prek\u0119 ir paslaug\u0173 teik\u0117jui pateikti siuntos sekimo informacij\u0105 per 7 kalendorines dienas nuo momento, kai pirk\u0117jui el. pa\u0161tu yra pateikiamas gr\u0105\u017einimo adresas. Nei\u0161siuntus siuntos min\u0117tu laiku tolesnis garantinis aptarnavimas anuoliuojamas pagal Paypal pirk\u0117jo apsaugos politik\u0105;<\/li>\n\n\n\n<li class=\"has-small-font-size\">Pla\u010diau apie Paypal pirk\u0117jo apsaugos politik\u0105 skaitykite paspaud\u0119 <a href=\"https:\/\/www.paypal.com\/us\/webapps\/mpp\/paypal-safety-and-security\" target=\"_blank\" rel=\"noreferrer noopener\">\u010dia<\/a>;<\/li>\n\n\n\n<li class=\"has-small-font-size\">Pirk\u0117jas, instruktuotas i\u0161si\u0173sti prek\u0119 be PayPal garantinio aptarnavimo bylos, yra \u012fpareigotas i\u0161si\u0173sti prek\u0119 ir paslaug\u0173 teik\u0117jui pateikti siuntos sekimo informacij\u0105 per 14 kalendorini\u0173 dien\u0173 nuo momento, kai pirk\u0117jui el. pa\u0161tu yra pateikiamas gr\u0105\u017einimo adresas. Nei\u0161siuntus siuntos min\u0117tu laiku pirk\u0117jas privalo kreiptis \u012f paslaug\u0173 teik\u0117j\u0105 d\u0117l naujos garantinio aptarnavimo bylos atidarymo;<\/li>\n\n\n\n<li class=\"has-small-font-size\">Ap\u017ei\u016bros metu nusta\u010dius pramonin\u012f prek\u0117s defekt\u0105, prek\u0117 yra remontuojama, o jei remontas negalimas, prek\u0117 yra kei\u010diama;<\/li>\n\n\n\n<li class=\"has-small-font-size\">Pirk\u0117jas yra atsakingas u\u017e prek\u0117s pristatym\u0105 garantinio aptarnavimo centrui ir u\u017e siuntimo i\u0161laid\u0173 apmok\u0117jim\u0105;<\/li>\n\n\n\n<li class=\"has-small-font-size\">Pirk\u0117jas yra atsakingas u\u017e tekstin\u0117s, foto ir \/ ar video informacijos, kurioje u\u017efiksuoti prek\u0117s tr\u016bkumai, perdavim\u0105 paslaug\u0173 teik\u0117jui;<\/li>\n\n\n\n<li class=\"has-small-font-size\">Pirk\u0117jui grie\u017etai draud\u017eiama klastoti prek\u0117s pramonin\u012f defekt\u0105. Jei \u0161i\u0105 nuostat\u0105 pirk\u0117jas pa\u017eeid\u017eia, jis prival\u0117s atlyginti visus paslaug\u0173 teik\u0117jo ir \/ arba garantinio aptarnavimo centro patirtus nuostolius.<\/li>\n<\/ul>\n","protected":false},"excerpt":{"rendered":"<p>GARANTINIO APTARNAVIMO S\u0104LYGOS PIRK\u0116JAS TURI TEIS\u0118 \u012e: DEFEKTAI NE\u0160ALINAMI \u0160IAIS ATVEJAIS: PAPILDOMOS S\u0104LYGOS:<\/p>\n","protected":false},"author":1,"featured_media":0,"parent":0,"menu_order":0,"comment_status":"closed","ping_status":"open","template":"","meta":{"footnotes":""},"class_list":["post-3","page","type-page","status-publish","hentry"],"yoast_head":"<!-- This site is optimized with the Yoast SEO plugin v27.3 - https:\/\/yoast.com\/product\/yoast-seo-wordpress\/ -->\n<title>Garantinis aptarnavimas - Resolute.lt<\/title>\n<meta name=\"description\" content=\"Resolute.lt i\u0161mani\u0173j\u0173 telefon\u0173 garantinis aptarnavimas. Garantij\u0105 u\u017etikrina visame pasaulyje pripa\u017eintas m\u016bs\u0173 partneris PayPal.\" \/>\n<meta name=\"robots\" content=\"index, follow, max-snippet:-1, max-image-preview:large, max-video-preview:-1\" \/>\n<link rel=\"canonical\" href=\"https:\/\/resolute.lt\/index.php\/garantinis-aptarnavimas\/\" \/>\n<meta property=\"og:locale\" content=\"lt_LT\" \/>\n<meta property=\"og:type\" content=\"article\" \/>\n<meta property=\"og:title\" content=\"Garantinis aptarnavimas - Resolute.lt\" \/>\n<meta property=\"og:description\" content=\"Resolute.lt i\u0161mani\u0173j\u0173 telefon\u0173 garantinis aptarnavimas. Garantij\u0105 u\u017etikrina visame pasaulyje pripa\u017eintas m\u016bs\u0173 partneris PayPal.\" \/>\n<meta property=\"og:url\" content=\"https:\/\/resolute.lt\/index.php\/garantinis-aptarnavimas\/\" \/>\n<meta property=\"og:site_name\" content=\"Resolute.lt\" \/>\n<meta property=\"article:modified_time\" content=\"2025-12-23T13:28:26+00:00\" \/>\n<meta name=\"twitter:card\" content=\"summary_large_image\" \/>\n<meta name=\"twitter:label1\" content=\"Est. reading time\" \/>\n\t<meta name=\"twitter:data1\" content=\"3 minut\u0117s\" \/>\n<script type=\"application\/ld+json\" class=\"yoast-schema-graph\">{\"@context\":\"https:\\\/\\\/schema.org\",\"@graph\":[{\"@type\":\"WebPage\",\"@id\":\"https:\\\/\\\/resolute.lt\\\/index.php\\\/garantinis-aptarnavimas\\\/\",\"url\":\"https:\\\/\\\/resolute.lt\\\/index.php\\\/garantinis-aptarnavimas\\\/\",\"name\":\"Garantinis aptarnavimas - Resolute.lt\",\"isPartOf\":{\"@id\":\"https:\\\/\\\/resolute.lt\\\/#website\"},\"datePublished\":\"2020-04-19T13:03:19+00:00\",\"dateModified\":\"2025-12-23T13:28:26+00:00\",\"description\":\"Resolute.lt i\u0161mani\u0173j\u0173 telefon\u0173 garantinis aptarnavimas. Garantij\u0105 u\u017etikrina visame pasaulyje pripa\u017eintas m\u016bs\u0173 partneris PayPal.\",\"breadcrumb\":{\"@id\":\"https:\\\/\\\/resolute.lt\\\/index.php\\\/garantinis-aptarnavimas\\\/#breadcrumb\"},\"inLanguage\":\"lt-LT\",\"potentialAction\":[{\"@type\":\"ReadAction\",\"target\":[\"https:\\\/\\\/resolute.lt\\\/index.php\\\/garantinis-aptarnavimas\\\/\"]}]},{\"@type\":\"BreadcrumbList\",\"@id\":\"https:\\\/\\\/resolute.lt\\\/index.php\\\/garantinis-aptarnavimas\\\/#breadcrumb\",\"itemListElement\":[{\"@type\":\"ListItem\",\"position\":1,\"name\":\"Home\",\"item\":\"https:\\\/\\\/resolute.lt\\\/\"},{\"@type\":\"ListItem\",\"position\":2,\"name\":\"Garantinis aptarnavimas\"}]},{\"@type\":\"WebSite\",\"@id\":\"https:\\\/\\\/resolute.lt\\\/#website\",\"url\":\"https:\\\/\\\/resolute.lt\\\/\",\"name\":\"Resolute.lt\",\"description\":\"Sm\u016bgiams ir vandeniui telefonai\",\"potentialAction\":[{\"@type\":\"SearchAction\",\"target\":{\"@type\":\"EntryPoint\",\"urlTemplate\":\"https:\\\/\\\/resolute.lt\\\/?s={search_term_string}\"},\"query-input\":{\"@type\":\"PropertyValueSpecification\",\"valueRequired\":true,\"valueName\":\"search_term_string\"}}],\"inLanguage\":\"lt-LT\"}]}<\/script>\n<!-- \/ Yoast SEO plugin. -->","yoast_head_json":{"title":"Garantinis aptarnavimas - Resolute.lt","description":"Resolute.lt i\u0161mani\u0173j\u0173 telefon\u0173 garantinis aptarnavimas. Garantij\u0105 u\u017etikrina visame pasaulyje pripa\u017eintas m\u016bs\u0173 partneris PayPal.","robots":{"index":"index","follow":"follow","max-snippet":"max-snippet:-1","max-image-preview":"max-image-preview:large","max-video-preview":"max-video-preview:-1"},"canonical":"https:\/\/resolute.lt\/index.php\/garantinis-aptarnavimas\/","og_locale":"lt_LT","og_type":"article","og_title":"Garantinis aptarnavimas - Resolute.lt","og_description":"Resolute.lt i\u0161mani\u0173j\u0173 telefon\u0173 garantinis aptarnavimas. Garantij\u0105 u\u017etikrina visame pasaulyje pripa\u017eintas m\u016bs\u0173 partneris PayPal.","og_url":"https:\/\/resolute.lt\/index.php\/garantinis-aptarnavimas\/","og_site_name":"Resolute.lt","article_modified_time":"2025-12-23T13:28:26+00:00","twitter_card":"summary_large_image","twitter_misc":{"Est. reading time":"3 minut\u0117s"},"schema":{"@context":"https:\/\/schema.org","@graph":[{"@type":"WebPage","@id":"https:\/\/resolute.lt\/index.php\/garantinis-aptarnavimas\/","url":"https:\/\/resolute.lt\/index.php\/garantinis-aptarnavimas\/","name":"Garantinis aptarnavimas - Resolute.lt","isPartOf":{"@id":"https:\/\/resolute.lt\/#website"},"datePublished":"2020-04-19T13:03:19+00:00","dateModified":"2025-12-23T13:28:26+00:00","description":"Resolute.lt i\u0161mani\u0173j\u0173 telefon\u0173 garantinis aptarnavimas. Garantij\u0105 u\u017etikrina visame pasaulyje pripa\u017eintas m\u016bs\u0173 partneris PayPal.","breadcrumb":{"@id":"https:\/\/resolute.lt\/index.php\/garantinis-aptarnavimas\/#breadcrumb"},"inLanguage":"lt-LT","potentialAction":[{"@type":"ReadAction","target":["https:\/\/resolute.lt\/index.php\/garantinis-aptarnavimas\/"]}]},{"@type":"BreadcrumbList","@id":"https:\/\/resolute.lt\/index.php\/garantinis-aptarnavimas\/#breadcrumb","itemListElement":[{"@type":"ListItem","position":1,"name":"Home","item":"https:\/\/resolute.lt\/"},{"@type":"ListItem","position":2,"name":"Garantinis aptarnavimas"}]},{"@type":"WebSite","@id":"https:\/\/resolute.lt\/#website","url":"https:\/\/resolute.lt\/","name":"Resolute.lt","description":"Sm\u016bgiams ir vandeniui telefonai","potentialAction":[{"@type":"SearchAction","target":{"@type":"EntryPoint","urlTemplate":"https:\/\/resolute.lt\/?s={search_term_string}"},"query-input":{"@type":"PropertyValueSpecification","valueRequired":true,"valueName":"search_term_string"}}],"inLanguage":"lt-LT"}]}},"_links":{"self":[{"href":"https:\/\/resolute.lt\/index.php\/wp-json\/wp\/v2\/pages\/3","targetHints":{"allow":["GET"]}}],"collection":[{"href":"https:\/\/resolute.lt\/index.php\/wp-json\/wp\/v2\/pages"}],"about":[{"href":"https:\/\/resolute.lt\/index.php\/wp-json\/wp\/v2\/types\/page"}],"author":[{"embeddable":true,"href":"https:\/\/resolute.lt\/index.php\/wp-json\/wp\/v2\/users\/1"}],"replies":[{"embeddable":true,"href":"https:\/\/resolute.lt\/index.php\/wp-json\/wp\/v2\/comments?post=3"}],"version-history":[{"count":124,"href":"https:\/\/resolute.lt\/index.php\/wp-json\/wp\/v2\/pages\/3\/revisions"}],"predecessor-version":[{"id":6620,"href":"https:\/\/resolute.lt\/index.php\/wp-json\/wp\/v2\/pages\/3\/revisions\/6620"}],"wp:attachment":[{"href":"https:\/\/resolute.lt\/index.php\/wp-json\/wp\/v2\/media?parent=3"}],"curies":[{"name":"wp","href":"https:\/\/api.w.org\/{rel}","templated":true}]}}